{"id":9649,"date":"2024-12-24T07:23:56","date_gmt":"2024-12-24T07:23:56","guid":{"rendered":"https:\/\/youreventmanagement.de\/?page_id=9649"},"modified":"2024-12-24T07:24:59","modified_gmt":"2024-12-24T07:24:59","slug":"cookie-richtlinie-2","status":"publish","type":"page","link":"https:\/\/youreventmanagement.de\/de\/cookie-richtlinie-2\/","title":{"rendered":"Cookie-Richtlinie"},"content":{"rendered":"\t\t<div data-elementor-type=\"wp-page\" data-elementor-id=\"9649\" class=\"elementor elementor-9649 elementor-9562\" data-elementor-post-type=\"page\">\n\t\t\t\t\t\t<section class=\"elementor-section elementor-top-section elementor-element elementor-element-c22e330 elementor-section-full_width elementor-section-height-default elementor-section-height-default\" data-id=\"c22e330\" data-element_type=\"section\" data-settings=\"{&quot;background_background&quot;:&quot;classic&quot;}\">\n\t\t\t\t\t\t<div class=\"elementor-container elementor-column-gap-default\">\n\t\t\t\t\t<div class=\"elementor-column elementor-col-100 elementor-top-column elementor-element elementor-element-a041aa8\" data-id=\"a041aa8\" data-element_type=\"column\">\n\t\t\t<div class=\"elementor-widget-wrap elementor-element-populated\">\n\t\t\t\t\t\t<div class=\"elementor-element elementor-element-3465807 elementor-widget elementor-widget-heading\" data-id=\"3465807\" data-element_type=\"widget\" data-widget_type=\"heading.default\">\n\t\t\t\t<div class=\"elementor-widget-container\">\n\t\t\t<h1 class=\"elementor-heading-title elementor-size-default\">Cookie-Richtlinie\n<\/h1>\t\t<\/div>\n\t\t\t\t<\/div>\n\t\t\t\t\t<\/div>\n\t\t<\/div>\n\t\t\t\t\t<\/div>\n\t\t<\/section>\n\t\t\t\t<section class=\"elementor-section elementor-top-section elementor-element elementor-element-02ae9f5 elementor-section-full_width elementor-section-height-default elementor-section-height-default\" data-id=\"02ae9f5\" data-element_type=\"section\">\n\t\t\t\t\t\t<div class=\"elementor-container elementor-column-gap-no\">\n\t\t\t\t\t<div class=\"elementor-column elementor-col-100 elementor-top-column elementor-element elementor-element-3116d15\" data-id=\"3116d15\" data-element_type=\"column\">\n\t\t\t<div class=\"elementor-widget-wrap elementor-element-populated\">\n\t\t\t\t\t\t<div class=\"elementor-element elementor-element-2630106 elementor-widget elementor-widget-text-editor\" data-id=\"2630106\" data-element_type=\"widget\" data-widget_type=\"text-editor.default\">\n\t\t\t\t<div class=\"elementor-widget-container\">\n\t\t\t\t\t\t\t<p><strong>Cookies auf der Website von Youdontknowjacques e.K.<\/strong><\/p><p>Unsere Website verwendet Cookies, um Ihnen die Nutzung unserer Dienste zu erleichtern und die Benutzererfahrung zu verbessern.<\/p><p><strong>1. Was sind Cookies?<\/strong><br \/>Cookies sind kleine Textdateien, die auf Ihrem Endger\u00e4t gespeichert werden, wenn Sie unsere Website besuchen. Sie erm\u00f6glichen es uns, Ihr Ger\u00e4t zu erkennen und bestimmte Einstellungen und Daten w\u00e4hrend Ihrer Sitzung zu speichern.<\/p><p><strong>2. Welche Cookies verwenden wir?<\/strong><br \/>Wir verwenden sowohl Sitzungscookies als auch dauerhafte Cookies. Sitzungscookies werden nach Ende Ihres Besuchs gel\u00f6scht, w\u00e4hrend dauerhafte Cookies auf Ihrem Ger\u00e4t verbleiben, um Ihre Pr\u00e4ferenzen bei einem sp\u00e4teren Besuch zu speichern.<\/p><p><strong>3. Zweck der Cookies<\/strong><br \/>Cookies werden genutzt, um die Funktionsweise der Website zu verbessern, unsere Dienste zu personalisieren und die Nutzung der Website zu analysieren.<\/p><p><strong>4. Kontrolle der Cookies<\/strong><br \/>Sie k\u00f6nnen die Verwendung von Cookies in den Einstellungen Ihres Browsers deaktivieren. Beachten Sie jedoch, dass einige Funktionen der Website m\u00f6glicherweise nicht mehr richtig funktionieren, wenn Sie Cookies ablehnen.<\/p><p><strong>5. \u00c4nderungen der Cookie-Richtlinie<\/strong><br \/>Wir behalten uns vor, diese Cookie-Richtlinie jederzeit zu \u00e4ndern. Bitte \u00fcberpr\u00fcfen Sie diese Seite regelm\u00e4\u00dfig, um \u00fcber \u00c4nderungen informiert zu bleiben.<\/p>\t\t\t\t\t\t<\/div>\n\t\t\t\t<\/div>\n\t\t\t\t\t<\/div>\n\t\t<\/div>\n\t\t\t\t\t<\/div>\n\t\t<\/section>\n\t\t\t\t<section class=\"elementor-section elementor-top-section elementor-element elementor-element-929449c elementor-section-full_width elementor-section-height-default elementor-section-height-default\" data-id=\"929449c\" data-element_type=\"section\">\n\t\t\t\t\t\t<div class=\"elementor-container elementor-column-gap-no\">\n\t\t\t\t\t<div class=\"elementor-column elementor-col-100 elementor-top-column elementor-element elementor-element-b5d8150\" data-id=\"b5d8150\" data-element_type=\"column\">\n\t\t\t<div class=\"elementor-widget-wrap elementor-element-populated\">\n\t\t\t\t\t\t<div class=\"elementor-element elementor-element-fd1bf97 elementor-widget elementor-widget-template\" data-id=\"fd1bf97\" data-element_type=\"widget\" data-widget_type=\"template.default\">\n\t\t\t\t<div class=\"elementor-widget-container\">\n\t\t\t\t\t<div class=\"elementor-template\">\n\t\t\t\t\t<footer data-elementor-type=\"section\" data-elementor-id=\"9583\" class=\"elementor elementor-9583 elementor-1341\" data-elementor-post-type=\"elementor_library\">\n\t\t\t\t\t<section class=\"elementor-section elementor-top-section elementor-element elementor-element-d3938e9 elementor-section-full_width elementor-section-height-default elementor-section-height-default\" data-id=\"d3938e9\" data-element_type=\"section\" id=\"request\" data-settings=\"{&quot;background_background&quot;:&quot;classic&quot;}\">\n\t\t\t\t\t\t<div class=\"elementor-container elementor-column-gap-no\">\n\t\t\t\t\t<div class=\"elementor-column elementor-col-50 elementor-top-column elementor-element elementor-element-c49f111\" data-id=\"c49f111\" data-element_type=\"column\">\n\t\t\t<div class=\"elementor-widget-wrap elementor-element-populated\">\n\t\t\t\t\t\t<div class=\"elementor-element elementor-element-4d0122d elementor-widget__width-auto elementor-widget-mobile__width-inherit elementor-widget elementor-widget-heading\" data-id=\"4d0122d\" data-element_type=\"widget\" id=\"inquery\" data-widget_type=\"heading.default\">\n\t\t\t\t<div class=\"elementor-widget-container\">\n\t\t\t<h2 class=\"elementor-heading-title elementor-size-default\">Anfrage senden<\/h2>\t\t<\/div>\n\t\t\t\t<\/div>\n\t\t\t\t<div class=\"elementor-element elementor-element-e62b7be elementor-widget elementor-widget-heading\" data-id=\"e62b7be\" data-element_type=\"widget\" data-widget_type=\"heading.default\">\n\t\t\t\t<div class=\"elementor-widget-container\">\n\t\t\t<p class=\"elementor-heading-title elementor-size-default\">Unser Eventmanager wird Ihnen helfen, die perfekte L\u00f6sung f\u00fcr Ihre Bed\u00fcrfnisse zu finden.<\/p>\t\t<\/div>\n\t\t\t\t<\/div>\n\t\t\t\t<section class=\"elementor-section elementor-inner-section elementor-element elementor-element-30f2468 elementor-section-boxed elementor-section-height-default elementor-section-height-default\" data-id=\"30f2468\" data-element_type=\"section\">\n\t\t\t\t\t\t<div class=\"elementor-container elementor-column-gap-no\">\n\t\t\t\t\t<div class=\"elementor-column elementor-col-100 elementor-inner-column elementor-element elementor-element-5d9f9ee\" data-id=\"5d9f9ee\" data-element_type=\"column\">\n\t\t\t<div class=\"elementor-widget-wrap elementor-element-populated\">\n\t\t\t\t\t\t<div class=\"elementor-element elementor-element-6d42417 elementor-widget__width-auto elementor-widget-mobile__width-auto elementor-widget elementor-widget-image\" data-id=\"6d42417\" data-element_type=\"widget\" data-widget_type=\"image.default\">\n\t\t\t\t<div class=\"elementor-widget-container\">\n\t\t\t\t\t\t\t\t\t\t\t\t\t<img fetchpriority=\"high\" decoding=\"async\" width=\"303\" height=\"303\" src=\"https:\/\/youreventmanagement.de\/wp-content\/uploads\/2024\/12\/photo-1.jpg\" class=\"attachment-full size-full wp-image-9755\" alt=\"\" srcset=\"https:\/\/youreventmanagement.de\/wp-content\/uploads\/2024\/12\/photo-1.jpg 303w, https:\/\/youreventmanagement.de\/wp-content\/uploads\/2024\/12\/photo-1-300x300.jpg 300w, https:\/\/youreventmanagement.de\/wp-content\/uploads\/2024\/12\/photo-1-150x150.jpg 150w\" sizes=\"(max-width: 303px) 100vw, 303px\" \/>\t\t\t\t\t\t\t\t\t\t\t\t\t<\/div>\n\t\t\t\t<\/div>\n\t\t\t\t<div class=\"elementor-element elementor-element-eceaa13 elementor-widget elementor-widget-heading\" data-id=\"eceaa13\" data-element_type=\"widget\" data-widget_type=\"heading.default\">\n\t\t\t\t<div class=\"elementor-widget-container\">\n\t\t\t<div class=\"elementor-heading-title elementor-size-default\"><a href=\"tel:\/\/+3725119445\"><strong>Nataliya Wittnebel<\/strong><br>\n+49 151 12432637<\/a><\/div>\t\t<\/div>\n\t\t\t\t<\/div>\n\t\t\t\t\t<\/div>\n\t\t<\/div>\n\t\t\t\t\t<\/div>\n\t\t<\/section>\n\t\t\t\t\t<\/div>\n\t\t<\/div>\n\t\t\t\t<div class=\"elementor-column elementor-col-50 elementor-top-column elementor-element elementor-element-f6ea987\" data-id=\"f6ea987\" data-element_type=\"column\">\n\t\t\t<div class=\"elementor-widget-wrap elementor-element-populated\">\n\t\t\t\t\t\t<div class=\"elementor-element elementor-element-f05a9c0 elementor-button-align-start elementor-mobile-button-align-stretch nopaddingcell elementor-widget elementor-widget-global elementor-global-9683 elementor-widget-form\" data-id=\"f05a9c0\" data-element_type=\"widget\" data-settings=\"{&quot;step_next_label&quot;:&quot;Next&quot;,&quot;step_previous_label&quot;:&quot;Previous&quot;,&quot;button_width&quot;:&quot;100&quot;,&quot;step_type&quot;:&quot;number_text&quot;,&quot;step_icon_shape&quot;:&quot;circle&quot;}\" data-widget_type=\"form.default\">\n\t\t\t\t<div class=\"elementor-widget-container\">\n\t\t\t\t\t<form class=\"elementor-form\" method=\"post\" name=\"Inquery form\">\n\t\t\t<input type=\"hidden\" name=\"post_id\" value=\"9583\"\/>\n\t\t\t<input type=\"hidden\" name=\"form_id\" value=\"f05a9c0\"\/>\n\t\t\t<input type=\"hidden\" name=\"referer_title\" value=\"\" \/>\n\n\t\t\t\n\t\t\t<div class=\"elementor-form-fields-wrapper elementor-labels-above\">\n\t\t\t\t\t\t\t\t<div class=\"elementor-field-type-text elementor-field-group elementor-column elementor-field-group-name elementor-col-100\">\n\t\t\t\t\t\t\t\t\t\t\t\t<label for=\"form-field-name\" class=\"elementor-field-label\">\n\t\t\t\t\t\t\t\tVorname\t\t\t\t\t\t\t<\/label>\n\t\t\t\t\t\t\t\t\t\t\t\t\t\t<input size=\"1\" type=\"text\" name=\"form_fields[name]\" id=\"form-field-name\" class=\"elementor-field elementor-size-sm  elementor-field-textual\">\n\t\t\t\t\t\t\t\t\t\t\t<\/div>\n\t\t\t\t\t\t\t\t<div class=\"elementor-field-type-email elementor-field-group elementor-column elementor-field-group-email elementor-col-50 elementor-field-required\">\n\t\t\t\t\t\t\t\t\t\t\t\t<label for=\"form-field-email\" class=\"elementor-field-label\">\n\t\t\t\t\t\t\t\tE-mail\t\t\t\t\t\t\t<\/label>\n\t\t\t\t\t\t\t\t\t\t\t\t\t\t<input size=\"1\" type=\"email\" name=\"form_fields[email]\" id=\"form-field-email\" class=\"elementor-field elementor-size-sm  elementor-field-textual\" required=\"required\" aria-required=\"true\">\n\t\t\t\t\t\t\t\t\t\t\t<\/div>\n\t\t\t\t\t\t\t\t<div class=\"elementor-field-type-tel elementor-field-group elementor-column elementor-field-group-field_04bf0e1 elementor-col-50 elementor-field-required\">\n\t\t\t\t\t\t\t\t\t\t\t\t<label for=\"form-field-field_04bf0e1\" class=\"elementor-field-label\">\n\t\t\t\t\t\t\t\tTelefon\t\t\t\t\t\t\t<\/label>\n\t\t\t\t\t\t\t\t<input size=\"1\" type=\"tel\" name=\"form_fields[field_04bf0e1]\" id=\"form-field-field_04bf0e1\" class=\"elementor-field elementor-size-sm  elementor-field-textual\" placeholder=\"(+49)\" required=\"required\" aria-required=\"true\" pattern=\"[0-9()#&amp;+*-=.]+\" title=\"Only numbers and phone characters (#, -, *, etc) are accepted.\">\n\n\t\t\t\t\t\t<\/div>\n\t\t\t\t\t\t\t\t<div class=\"elementor-field-type-textarea elementor-field-group elementor-column elementor-field-group-message elementor-col-100\">\n\t\t\t\t\t\t\t\t\t\t\t\t<label for=\"form-field-message\" class=\"elementor-field-label\">\n\t\t\t\t\t\t\t\tIhre Anfrage\t\t\t\t\t\t\t<\/label>\n\t\t\t\t\t\t<textarea class=\"elementor-field-textual elementor-field  elementor-size-sm\" name=\"form_fields[message]\" id=\"form-field-message\" rows=\"7\" placeholder=\"Wie k\u00f6nnen wir helfen?\"><\/textarea>\t\t\t\t<\/div>\n\t\t\t\t\t\t\t\t<div class=\"elementor-field-group elementor-column elementor-field-type-submit elementor-col-100 e-form__buttons\">\n\t\t\t\t\t<button class=\"elementor-button elementor-size-sm\" type=\"submit\" id=\"contact_button\">\n\t\t\t\t\t\t<span class=\"elementor-button-content-wrapper\">\n\t\t\t\t\t\t\t\t\t\t\t\t\t\t\t\t\t\t\t\t\t\t<span class=\"elementor-button-text\"> Senden<\/span>\n\t\t\t\t\t\t\t\t\t\t\t\t\t<\/span>\n\t\t\t\t\t<\/button>\n\t\t\t\t<\/div>\n\t\t\t<\/div>\n\t\t<\/form>\n\t\t\t\t<\/div>\n\t\t\t\t<\/div>\n\t\t\t\t\t<\/div>\n\t\t<\/div>\n\t\t\t\t\t<\/div>\n\t\t<\/section>\n\t\t\t\t<section class=\"elementor-section elementor-top-section elementor-element elementor-element-3239118 elementor-section-full_width elementor-section-height-min-height elementor-section-items-stretch elementor-hidden-desktop elementor-hidden-tablet elementor-hidden-mobile elementor-section-height-default\" data-id=\"3239118\" data-element_type=\"section\">\n\t\t\t\t\t\t<div class=\"elementor-container elementor-column-gap-default\">\n\t\t\t\t\t<div class=\"elementor-column elementor-col-50 elementor-top-column elementor-element elementor-element-bdabcbc\" data-id=\"bdabcbc\" data-element_type=\"column\" data-settings=\"{&quot;background_background&quot;:&quot;classic&quot;}\">\n\t\t\t<div class=\"elementor-widget-wrap elementor-element-populated\">\n\t\t\t\t\t<div class=\"elementor-background-overlay\"><\/div>\n\t\t\t\t\t\t<div class=\"elementor-element elementor-element-97a25d5 elementor-widget elementor-widget-heading\" data-id=\"97a25d5\" data-element_type=\"widget\" data-widget_type=\"heading.default\">\n\t\t\t\t<div class=\"elementor-widget-container\">\n\t\t\t<h3 class=\"elementor-heading-title elementor-size-default\"><a href=\"https:\/\/youreventmanagement.de\/blog\/\">UNSERE PROJEKTE<\/a><\/h3>\t\t<\/div>\n\t\t\t\t<\/div>\n\t\t\t\t<div class=\"elementor-element elementor-element-7492b13 elementor-widget elementor-widget-heading\" data-id=\"7492b13\" data-element_type=\"widget\" data-widget_type=\"heading.default\">\n\t\t\t\t<div class=\"elementor-widget-container\">\n\t\t\t<h3 class=\"elementor-heading-title elementor-size-default\"><a href=\"https:\/\/youreventmanagement.de\/#\">Geschmacks- und Stilfestival<\/a><\/h3>\t\t<\/div>\n\t\t\t\t<\/div>\n\t\t\t\t\t<\/div>\n\t\t<\/div>\n\t\t\t\t<div class=\"elementor-column elementor-col-50 elementor-top-column elementor-element elementor-element-84f043a\" data-id=\"84f043a\" data-element_type=\"column\" data-settings=\"{&quot;background_background&quot;:&quot;classic&quot;}\">\n\t\t\t<div class=\"elementor-widget-wrap elementor-element-populated\">\n\t\t\t\t\t<div class=\"elementor-background-overlay\"><\/div>\n\t\t\t\t\t\t<div class=\"elementor-element elementor-element-e03dd99 elementor-widget elementor-widget-heading\" data-id=\"e03dd99\" data-element_type=\"widget\" data-widget_type=\"heading.default\">\n\t\t\t\t<div class=\"elementor-widget-container\">\n\t\t\t<h3 class=\"elementor-heading-title elementor-size-default\"><a href=\"https:\/\/youreventmanagement.de\/blog\/\">UNSERE PROJEKTE<\/a><\/h3>\t\t<\/div>\n\t\t\t\t<\/div>\n\t\t\t\t<div class=\"elementor-element elementor-element-84bc77d elementor-widget elementor-widget-heading\" data-id=\"84bc77d\" data-element_type=\"widget\" data-widget_type=\"heading.default\">\n\t\t\t\t<div class=\"elementor-widget-container\">\n\t\t\t<h3 class=\"elementor-heading-title elementor-size-default\"><a href=\"https:\/\/youreventmanagement.de\/#\">Abend des exquisiten Services<\/a><\/h3>\t\t<\/div>\n\t\t\t\t<\/div>\n\t\t\t\t\t<\/div>\n\t\t<\/div>\n\t\t\t\t\t<\/div>\n\t\t<\/section>\n\t\t\t\t<\/footer>\n\t\t\t\t<\/div>\n\t\t\t\t<\/div>\n\t\t\t\t<\/div>\n\t\t\t\t\t<\/div>\n\t\t<\/div>\n\t\t\t\t\t<\/div>\n\t\t<\/section>\n\t\t\t\t<\/div>\n\t\t","protected":false},"excerpt":{"rendered":"<p>Cookie-Richtlinie Cookies auf der Website von Youdontknowjacques e.K. Unsere Website verwendet Cookies, um Ihnen die Nutzung unserer Dienste zu erleichtern und die Benutzererfahrung zu verbessern. 1. Was sind Cookies?Cookies sind kleine Textdateien, die auf Ihrem Endger\u00e4t gespeichert werden, wenn Sie unsere Website besuchen. Sie erm\u00f6glichen es uns, Ihr Ger\u00e4t zu erkennen und bestimmte Einstellungen und [&hellip;]<\/p>\n","protected":false},"author":2,"featured_media":0,"parent":0,"menu_order":6,"comment_status":"closed","ping_status":"closed","template":"","meta":{"footnotes":""},"class_list":["post-9649","page","type-page","status-publish","hentry"],"_links":{"self":[{"href":"https:\/\/youreventmanagement.de\/de\/wp-json\/wp\/v2\/pages\/9649","targetHints":{"allow":["GET"]}}],"collection":[{"href":"https:\/\/youreventmanagement.de\/de\/wp-json\/wp\/v2\/pages"}],"about":[{"href":"https:\/\/youreventmanagement.de\/de\/wp-json\/wp\/v2\/types\/page"}],"author":[{"embeddable":true,"href":"https:\/\/youreventmanagement.de\/de\/wp-json\/wp\/v2\/users\/2"}],"replies":[{"embeddable":true,"href":"https:\/\/youreventmanagement.de\/de\/wp-json\/wp\/v2\/comments?post=9649"}],"version-history":[{"count":1,"href":"https:\/\/youreventmanagement.de\/de\/wp-json\/wp\/v2\/pages\/9649\/revisions"}],"predecessor-version":[{"id":9650,"href":"https:\/\/youreventmanagement.de\/de\/wp-json\/wp\/v2\/pages\/9649\/revisions\/9650"}],"wp:attachment":[{"href":"https:\/\/youreventmanagement.de\/de\/wp-json\/wp\/v2\/media?parent=9649"}],"curies":[{"name":"wp","href":"https:\/\/api.w.org\/{rel}","templated":true}]}}